{"id":24760,"date":"2024-06-24T10:34:19","date_gmt":"2024-06-24T10:34:19","guid":{"rendered":"https:\/\/tarihyazimi.org\/?page_id=24760"},"modified":"2025-01-22T09:27:42","modified_gmt":"2025-01-22T09:27:42","slug":"amacimiz","status":"publish","type":"page","link":"https:\/\/tarihyazimi.org\/?page_id=24760","title":{"rendered":"Amac\u0131m\u0131z"},"content":{"rendered":"\t\t<div data-elementor-type=\"wp-page\" data-elementor-id=\"24760\" class=\"elementor elementor-24760\">\n\t\t\t\t<div class=\"elementor-element elementor-element-a30d1f8 e-flex e-con-boxed e-con e-parent\" data-id=\"a30d1f8\" data-element_type=\"container\" data-settings=\"{&quot;background_background&quot;:&quot;classic&quot;,&quot;tmea_shape_divider_top&quot;:&quot;none&quot;,&quot;tmea_shape_divider_bottom&quot;:&quot;none&quot;}\">\n\t\t\t\t\t<div class=\"e-con-inner\">\n\t\t\n\t\t<div class=\"elementor-element elementor-element-e08c4c9 elementor-widget-divider--separator-type-pattern elementor-widget-divider--no-spacing elementor-widget-divider--view-line elementor-widget elementor-widget-divider\" data-id=\"e08c4c9\" data-element_type=\"widget\" data-widget_type=\"divider.default\">\n\t\t\t\t<div class=\"elementor-widget-container\">\n\t\t\t\t\t\t\t<div class=\"elementor-divider\" style=\"--divider-pattern-url: url(&quot;data:image\/svg+xml,%3Csvg xmlns=&#039;http:\/\/www.w3.org\/2000\/svg&#039; preserveAspectRatio=&#039;xMidYMid meet&#039; overflow=&#039;visible&#039; height=&#039;100%&#039; viewBox=&#039;0 0 120 26&#039; fill=&#039;black&#039; stroke=&#039;none&#039;%3E%3Cpolygon points=&#039;0,14.4 0,21 11.5,12.4 21.3,20 30.4,11.1 40.3,20 51,12.4 60.6,20 69.6,11.1 79.3,20 90.1,12.4 99.6,20 109.7,11.1 120,21 120,14.4 109.7,5 99.6,13 90.1,5 79.3,14.5 71,5.7 60.6,12.4 51,5 40.3,14.5 31.1,5 21.3,13 11.5,5 \t&#039;\/%3E%3C\/svg%3E&quot;);\">\n\t\t\t<span class=\"elementor-divider-separator\">\n\t\t\t\t\t\t<\/span>\n\t\t<\/div>\n\t\t\t\t\t\t<\/div>\n\t\t\t\t<\/div>\n\t\t\t\t\t<\/div>\n\t\t\t\t<\/div>\n\t\t<div class=\"elementor-element elementor-element-aaebfad e-flex e-con-boxed e-con e-parent\" data-id=\"aaebfad\" data-element_type=\"container\" data-settings=\"{&quot;background_background&quot;:&quot;classic&quot;,&quot;tmea_shape_divider_top&quot;:&quot;none&quot;,&quot;tmea_shape_divider_bottom&quot;:&quot;none&quot;}\">\n\t\t\t\t\t<div class=\"e-con-inner\">\n\t\t\t\t<div class=\"elementor-element elementor-element-9632484 elementor-widget elementor-widget-heading\" data-id=\"9632484\" data-element_type=\"widget\" data-widget_type=\"heading.default\">\n\t\t\t\t<div class=\"elementor-widget-container\">\n\t\t\t\t\t<h2 class=\"elementor-heading-title elementor-size-default\">AMACIMIZ<\/h2>\t\t\t\t<\/div>\n\t\t\t\t<\/div>\n\t\t\t\t\t<\/div>\n\t\t\t\t<\/div>\n\t\t<div class=\"elementor-element elementor-element-cfe3154 e-flex e-con-boxed e-con e-parent\" data-id=\"cfe3154\" data-element_type=\"container\" data-settings=\"{&quot;background_background&quot;:&quot;classic&quot;,&quot;tmea_shape_divider_top&quot;:&quot;none&quot;,&quot;tmea_shape_divider_bottom&quot;:&quot;none&quot;}\">\n\t\t\t\t\t<div class=\"e-con-inner\">\n\t\t\t\t<div class=\"elementor-element elementor-element-35200c3 elementor-widget elementor-widget-text-editor\" data-id=\"35200c3\" data-element_type=\"widget\" data-widget_type=\"text-editor.default\">\n\t\t\t\t<div class=\"elementor-widget-container\">\n\t\t\t\t\t\t\t\t\t<p><strong>TAR\u0130HYAZIMI.ORG PLATFORMUNUN AMACI<\/strong><\/p><p>T\u00fcrkiye\u2019de tarih\u00e7ili\u011fin salt belge yay\u0131nc\u0131l\u0131\u011f\u0131n\u0131n ya da olgu s\u0131ralamac\u0131l\u0131\u011f\u0131n\u0131n d\u0131\u015f\u0131nda tarihsel bilginin \u00f6zg\u00fcn anlam\u0131n\u0131 kavrayarak eser ortaya koymas\u0131, d\u00fcnyadaki \u00e7a\u011fda\u015f ara\u015ft\u0131rma ve yaz\u0131m yakla\u015f\u0131mlar\u0131ndan haberdar olarak bundan yararlanmas\u0131, tarihyaz\u0131m\u0131n\u0131n kaba bir ideolojik hesapla\u015fma kayg\u0131s\u0131 ile bi\u00e7imlenmesi yerine ge\u00e7mi\u015fin bilgisini, \u015fimdiki zamanda rafine bir bi\u00e7imde in\u015fa etme s\u00fcreciyle ger\u00e7ek s\u00f6ylemine kar\u015f\u0131l\u0131k gelen \u00e7ok \u00e7e\u015fitli yaz\u0131m tarzlar\u0131n\u0131 fark ederek metodolojik olarak zenginle\u015fmesi ama\u00e7lanmaktad\u0131r. B\u00fct\u00fcn bunlar i\u00e7in de tarihyaz\u0131m\u0131 (historiography) akademik disiplininin \u00e7a\u011fda\u015f d\u00fcnyada oldu\u011fu gibi T\u00fcrk akademisinde de hak etti\u011fi yeri almas\u0131d\u0131r.<\/p>\t\t\t\t\t\t\t\t<\/div>\n\t\t\t\t<\/div>\n\t\t\t\t\t<\/div>\n\t\t\t\t<\/div>\n\t\t<div class=\"elementor-element elementor-element-7416038e e-con-full e-flex e-con e-parent\" data-id=\"7416038e\" data-element_type=\"container\" data-settings=\"{&quot;background_background&quot;:&quot;classic&quot;,&quot;tmea_shape_divider_top&quot;:&quot;none&quot;,&quot;tmea_shape_divider_bottom&quot;:&quot;none&quot;}\">\n\t\t<div class=\"elementor-element elementor-element-7b0fb342 e-con-full e-flex e-con e-child\" data-id=\"7b0fb342\" data-element_type=\"container\" data-settings=\"{&quot;tmea_shape_divider_top&quot;:&quot;none&quot;,&quot;tmea_shape_divider_bottom&quot;:&quot;none&quot;}\">\n\t\t\t\t<div class=\"elementor-element elementor-element-2e1e2a7b elementor-widget elementor-widget-heading\" data-id=\"2e1e2a7b\" data-element_type=\"widget\" data-widget_type=\"heading.default\">\n\t\t\t\t<div class=\"elementor-widget-container\">\n\t\t\t\t\t<h2 class=\"elementor-heading-title elementor-size-default\">\u0130LET\u0130\u015e\u0130M<\/h2>\t\t\t\t<\/div>\n\t\t\t\t<\/div>\n\t\t\t\t<\/div>\n\t\t<div class=\"elementor-element elementor-element-5d8273a0 e-con-full e-flex e-con e-child\" data-id=\"5d8273a0\" data-element_type=\"container\" data-settings=\"{&quot;tmea_shape_divider_top&quot;:&quot;none&quot;,&quot;tmea_shape_divider_bottom&quot;:&quot;none&quot;}\">\n\t\t\t\t<div class=\"elementor-element elementor-element-5f61e3f elementor-widget elementor-widget-text-editor\" data-id=\"5f61e3f\" data-element_type=\"widget\" data-widget_type=\"text-editor.default\">\n\t\t\t\t<div class=\"elementor-widget-container\">\n\t\t\t\t\t\t\t\t\t<strong>\u00c7al\u0131\u015ftay konusunda ileti\u015fim i\u00e7in,<\/strong><br>\n\nProf. Dr. Ahmet \u015eim\u015fek<br>\n\u0130stanbul \u00dcniversitesi-Cerrahpa\u015fa\nHasan Ali Y\u00fccel E\u011fitim Fak\u00fcltesi<br>\nBEYAZIT \/ \u0130STANBUL<br>\nahmetsimsek@istanbul.edu.tr\t\t\t\t\t\t\t\t<\/div>\n\t\t\t\t<\/div>\n\t\t\t\t<\/div>\n\t\t<div class=\"elementor-element elementor-element-1ee748c7 e-con-full e-flex e-con e-child\" data-id=\"1ee748c7\" data-element_type=\"container\" data-settings=\"{&quot;tmea_shape_divider_top&quot;:&quot;none&quot;,&quot;tmea_shape_divider_bottom&quot;:&quot;none&quot;}\">\n\t\t\t\t<div class=\"elementor-element elementor-element-5e00b61b elementor-widget elementor-widget-text-editor\" data-id=\"5e00b61b\" data-element_type=\"widget\" data-widget_type=\"text-editor.default\">\n\t\t\t\t<div class=\"elementor-widget-container\">\n\t\t\t\t\t\t\t\t\t<strong>Websitesi ile ilgili konularda ileti\u015fim i\u00e7in,<\/strong><br>\n\nHasan \u015eerito\u011flu<br>\nhasanseritoglu@gmail.com\t\t\t\t\t\t\t\t<\/div>\n\t\t\t\t<\/div>\n\t\t\t\t<\/div>\n\t\t\t\t<\/div>\n\t\t\t\t<\/div>\n\t\t","protected":false},"excerpt":{"rendered":"<p>AMACIMIZ TAR\u0130HYAZIMI.ORG PLATFORMUNUN AMACI T\u00fcrkiye\u2019de tarih\u00e7ili\u011fin salt belge yay\u0131nc\u0131l\u0131\u011f\u0131n\u0131n ya da olgu s\u0131ralamac\u0131l\u0131\u011f\u0131n\u0131n d\u0131\u015f\u0131nda tarihsel bilginin \u00f6zg\u00fcn anlam\u0131n\u0131 kavrayarak eser ortaya koymas\u0131, d\u00fcnyadaki \u00e7a\u011fda\u015f ara\u015ft\u0131rma ve yaz\u0131m yakla\u015f\u0131mlar\u0131ndan haberdar olarak bundan yararlanmas\u0131, tarihyaz\u0131m\u0131n\u0131n kaba bir ideolojik hesapla\u015fma kayg\u0131s\u0131 ile bi\u00e7imlenmesi yerine ge\u00e7mi\u015fin bilgisini, \u015fimdiki zamanda rafine bir bi\u00e7imde in\u015fa etme s\u00fcreciyle ger\u00e7ek s\u00f6ylemine kar\u015f\u0131l\u0131k gelen [&hellip;]<\/p>\n","protected":false},"author":1,"featured_media":0,"parent":0,"menu_order":0,"comment_status":"closed","ping_status":"closed","template":"","meta":{"site-sidebar-layout":"no-sidebar","site-content-layout":"page-builder","ast-site-content-layout":"full-width-container","site-content-style":"default","site-sidebar-style":"default","ast-global-header-display":"","ast-banner-title-visibility":"","ast-main-header-display":"","ast-hfb-above-header-display":"","ast-hfb-below-header-display":"","ast-hfb-mobile-header-display":"","site-post-title":"disabled","ast-breadcrumbs-content":"","ast-featured-img":"disabled","footer-sml-layout":"","theme-transparent-header-meta":"","adv-header-id-meta":"","stick-header-meta":"","header-above-stick-meta":"","header-main-stick-meta":"","header-below-stick-meta":"","astra-migrate-meta-layouts":"set","ast-page-background-enabled":"default","ast-page-background-meta":{"desktop":{"background-color":"","background-image":"","background-repeat":"repeat","background-position":"center center","background-size":"auto","background-attachment":"scroll","background-type":"","background-media":"","overlay-type":"","overlay-color":"","overlay-opacity":"","overlay-gradient":""},"tablet":{"background-color":"","background-image":"","background-repeat":"repeat","background-position":"center center","background-size":"auto","background-attachment":"scroll","background-type":"","background-media":"","overlay-type":"","overlay-color":"","overlay-opacity":"","overlay-gradient":""},"mobile":{"background-color":"","background-image":"","background-repeat":"repeat","background-position":"center center","background-size":"auto","background-attachment":"scroll","background-type":"","background-media":"","overlay-type":"","overlay-color":"","overlay-opacity":"","overlay-gradient":""}},"ast-content-background-meta":{"desktop":{"background-color":"var(--ast-global-color-5)","background-image":"","background-repeat":"repeat","background-position":"center center","background-size":"auto","background-attachment":"scroll","background-type":"","background-media":"","overlay-type":"","overlay-color":"","overlay-opacity":"","overlay-gradient":""},"tablet":{"background-color":"var(--ast-global-color-5)","background-image":"","background-repeat":"repeat","background-position":"center center","background-size":"auto","background-attachment":"scroll","background-type":"","background-media":"","overlay-type":"","overlay-color":"","overlay-opacity":"","overlay-gradient":""},"mobile":{"background-color":"var(--ast-global-color-5)","background-image":"","background-repeat":"repeat","background-position":"center center","background-size":"auto","background-attachment":"scroll","background-type":"","background-media":"","overlay-type":"","overlay-color":"","overlay-opacity":"","overlay-gradient":""}},"footnotes":""},"class_list":["post-24760","page","type-page","status-publish","hentry"],"_links":{"self":[{"href":"https:\/\/tarihyazimi.org\/index.php?rest_route=\/wp\/v2\/pages\/24760","targetHints":{"allow":["GET"]}}],"collection":[{"href":"https:\/\/tarihyazimi.org\/index.php?rest_route=\/wp\/v2\/pages"}],"about":[{"href":"https:\/\/tarihyazimi.org\/index.php?rest_route=\/wp\/v2\/types\/page"}],"author":[{"embeddable":true,"href":"https:\/\/tarihyazimi.org\/index.php?rest_route=\/wp\/v2\/users\/1"}],"replies":[{"embeddable":true,"href":"https:\/\/tarihyazimi.org\/index.php?rest_route=%2Fwp%2Fv2%2Fcomments&post=24760"}],"version-history":[{"count":0,"href":"https:\/\/tarihyazimi.org\/index.php?rest_route=\/wp\/v2\/pages\/24760\/revisions"}],"wp:attachment":[{"href":"https:\/\/tarihyazimi.org\/index.php?rest_route=%2Fwp%2Fv2%2Fmedia&parent=24760"}],"curies":[{"name":"wp","href":"https:\/\/api.w.org\/{rel}","templated":true}]}}